{"id":13,"date":"2017-08-30T18:49:36","date_gmt":"2017-08-30T18:49:36","guid":{"rendered":"https:\/\/tempeladvies.nl\/wordpress\/?page_id=13"},"modified":"2024-09-10T12:06:36","modified_gmt":"2024-09-10T12:06:36","slug":"projecten","status":"publish","type":"page","link":"https:\/\/tempeladvies.nl\/wordpress\/projecten\/","title":{"rendered":"Projecten"},"content":{"rendered":"\n<p>Tempel-advies heeft de afgelopen jaren aan de onderstaande projecten uitvoering gegeven.<\/p>\n\n\n\n<p><\/p>\n\n\n\n<p><u>2024 &#8211; 2028<\/u><br>Begeleiding extensivering melkveehouders<\/p>\n\n\n\n<p>In juni 2024 hebben vijf biologische melkveehouders op de Veluwe gezamenlijk ingetekend op de &#8216;extensiveringsregeling&#8217; van het ministerie\/RVO. Het doel van deze regeling is het verminderen van de stikstofexcretie per hectare tot maximaal 100 of 150 kg N per ha. Als tegenprestatie wordt er een subsidie verstrekt die over een periode van vier jaar wordt uitbetaald.<br>Tempel-advies is \u00e9\u00e9n van de begeleiders van deze groep.<\/p>\n\n\n\n<p><\/p>\n\n\n\n<p><u>2016<\/u><br>\nProject \u2018<strong>Duurzame veehouderij, landgoed de Boom<\/strong>\u2019<\/p>\n\n\n\n<p>Stichting de Boom heeft met de provincie Utrecht een convenant afgesloten waarin maatregelen worden beschreven voor versterking en verduurzaming van landgoed de Boom. E\u00e9n van de maatregelen betreft het saneren van de intensieve veehouderijtak op de pachtboerderijen, ten gunste van de aanwezige grondgebonden veehouderijtakken.<br>\nVia het convenant komen bij stichting de Boom financi\u00eble middelen beschikbaar die ingezet moeten worden voor de gewenste duurzaamheid.<br>\nFred van den Tempel van agrarisch adviesbureau Tempel-advies heeft gesprekken gevoerd met de betrokken pachters. De pachters zijn \u00e9\u00e9n- of tweemaal bezocht. De bedrijven is een niet-uitputtende lijst voorgelegd met mogelijke duurzame maatregelen.<br>\nTempel-advies heeft per bedrijf ge\u00efnventariseerd in hoeverre er bovenwettelijke maatregelen gewenst, mogelijk en zinvol zijn op de bedrijven. Daarbij is per bedrijf een kostenindicatie gegeven van de maatregelen en is getoetst in hoeverre er sprake is van bovenwettelijkheid. Per bedrijf is verslag gedaan.<\/p>\n\n\n\n<p>Ter afronding van het project is aan de provincie Utrecht, gemeente Leusden, stichting de Boom en gebiedsco\u00f6peratie O-gen samenvattend gerapporteerd. Hierbij wordt weergegeven in hoeverre aan de doelstellingen van het project c.q. het convenant kan worden voldaan.<\/p>\n\n\n\n<p><u>2010\/2012<\/u><br>\nProject \u201c<strong>boer<\/strong>en<strong>kans<\/strong>\u201d<\/p>\n\n\n\n<p>Jaarlijks overwegen steeds meer agrari\u00ebrs of ze hun land- of tuinbouwbedrijf willen voortzetten. Voor deze boeren en tuinders is er het project Boerenkans. Via het Loket Boerenkans krijgen agrari\u00ebrs steun bij lastige beslissingen over de toekomst van hun bedrijf, of advies over de mogelijkheden om iets anders te gaan doen.<br>\nIn Boerenkans ligt de nadruk op het begrip \u2019kans\u2019. Het Loket Boerenkans wil agrari\u00ebrs wijzen op de mogelijkheid van een tweede carri\u00e8re, binnen of buiten de agrarische sector. Er zijn voorbeelden genoeg van boeren en tuinders die een succesvolle nieuwe onderneming zijn gestart of die positief terugkijken op een switch naar een ander beroep. Uiteraard is er ook oog voor de emotionele kant van bedrijfsbe\u00ebindiging en de moeilijkheden voor de individuele agrari\u00ebr en zijn of haar gezin. Van 2010 \u2013 2012 was Tempel-advies als uitvoerder betrokken bij het project \u201c<strong>boer<\/strong>en<strong>kans<\/strong>\u201d.<\/p>\n\n\n\n<p><u>2009<\/u><br>\nIn opdracht van de Stichting Kwaliteitsimpuls Buitengebieden te Epe:<\/p>\n\n\n\n<p><strong>Opstellen startnotities nieuwe landgoederen<\/strong><br>\nDe gemeente Epe stimuleert landgoedvorming, met name daar waar ecologische verbindingszones zijn ingetekend. De Stichting Kwaliteitsimpuls Buitengebieden uit Epe heeft bij de gemeente subsidie gekregen om startnotities te laten schrijven voor ge\u00efnteresseerde grondeigenaren. Tempel-advies is \u00e9\u00e9n van de twee uitvoerders.<br>\nDe gemeente Epe is warm voorstander van de aanleg van nieuwe landgoederen in gebieden in de gemeente die tot de Ecologische Hoofdstructuur (EHS) zijn aangewezen. Het zijn zoekgebieden voor nieuwe natuur. En nieuwe landgoederen betekenen nieuwe natuur. De gemeente Epe heeft daartoe in 2006 een beleidsnotitie vastgesteld die in 2008 handen en voeten kreeg door een &#8216;leidraad nieuwe landgoederen&#8217;. De leidraad loodst potenti\u00eble nieuwe landgoedeigenaren in fasen door het complexe proces heen.<br>\nDe eerste fase is het opstellen van een startnotitie waarin in grote lijnen de contouren voor een nieuw landgoed worden uiteengezet. Aan de hand van de startnotitie bepaalt de gemeente Epe of het geplande landgoed kans van slagen heeft.<\/p>\n\n\n\n<p><u>2007\/2009<\/u><br>\nIn opdracht van de gemeente Barneveld:<\/p>\n\n\n\n<p>\u201c<strong>Toekomstgericht ondernemen in Kootwijkerbroek<\/strong>\u201d<br>\nHet gebied rondom Kootwijkerbroek werd in 2001 getroffen door de MKZ. Voor de betrokken ondernemers een ingrijpende gebeurtenis met verstrekkende gevolgen. De gemeente Barneveld vroeg in september 2006 subsidie aan om een positieve impuls te kunnen geven aan de bedrijfsontwikkeling in het Landbouwontwikkelingsgebied (LOG) rond Kootwijkerbroek. De provincie Gelderland besloot het project in het kader van de Subsidieregeling Vitaal Gelderland te subsidi\u00ebren. Hierdoor konden de agrarische bedrijfsadviseurs Fred van den Tempel (Tempel-advies), Johan Kranenburg (K&amp;G advies) en Wim van de Geest (K&amp;G advies) aan de slag.<\/p>\n\n\n\n<p>Het project is bedoeld om ondernemers meer zicht te geven op de ontwikkelingsmogelijkheden voor hun bedrijf. Dat werd gerealiseerd door het voeren van individuele gesprekken met de ondernemers en, waar nodig, het opstellen van een bedrijfsplan. In de gesprekken werden zowel de wensen en competenties van de ondernemers als de (on)mogelijkheden vanuit verschillende beleidsplannen (Streekplan, Bestemmingsplan, Reconstructieplan, Functieveranderingsbeleid, etc.) besproken.<\/p>\n\n\n\n<p>Het project \u2018Toekomstgericht ondernemen in Kootwijkerbroek\u2019 blijkt succesvol. In de afgelopen jaren hebben meer dan 100 agrarische ondernemers een adviesgesprek gevoerd over de toekomstmogelijkheden van hun bedrijf. Naar aanleiding van deze gesprekken werden meer dan 25 bedrijfsplannen opgesteld.<br>\n<a href=\"http:\/\/www.barneveld.nl\/index.php?mediumid=2&amp;stukid=26155\" target=\"_blank\" rel=\"noopener\">Project TGO Kootwijkerbroek<\/a><\/p>\n\n\n\n<p><u>2005\/2007<\/u><br>\nIn opdracht van de gemeente Leusden:<\/p>\n\n\n\n<p>\u201c<strong>Kansen voor boeren in Leusden<\/strong>\u201d<br>\nDe gemeente Leusden, LTO De Liniedijk en de agrarische natuur- en milieuvereniging de Vallei Horstee hebben in 2205 samen het project Kansen voor boeren in Leusden opgezet. Dit project heeft boeren gestimuleerd en ondersteund bij het pakken van kansen in de planvorming en vanuit de markt. Van de 100 actieve boeren in Leusden hebben er 85 aan het project meegedaan. Dit heeft veel concrete initiatieven opgeleverd.<br>\nUitvoerders van het project waren de agrarische bedrijfsadviseurs Fred van den Tempel (Tempel-advies) en Wim van der Geest (K &amp; G advies).<br>\n<a href=\"http:\/\/www.svgv.nl\/media\/nieuws\/2006\/08%20augustus\/nieuwsbrief%20kansen%20voor%20boeren%20nr%202.pdf\" target=\"_blank\" rel=\"noopener\">Kansen voor boeren in Leusden<\/a><\/p>\n\n\n\n<p><u>2005<\/u><br>\nHogeschool Larenstein (HAS)<\/p>\n\n\n\n<p><strong>Docentschap \u201cagrarisch recht\u201d<\/strong><br>\nIn het vak agrarisch recht worden de regels voor grondgebruik (pacht), ruimtelijke ordening, milieu, mestwetgeving en welzijn gedoceerd. De theoretische achtergrond wordt behandeld met behulp van het boek \u201cInleiding agrarisch recht\u201d van Bruil, Brussaard en de Haan. De praktische invulling wordt gedoceerd aan de hand van casussen uit de adviespraktijk.<\/p>\n\n\n\n<p><strong>Docentschap \u201cagrarische bedrijfseconomie\u201d<\/strong><br>\nIn dit vak worden de grondbeginselen van de agrarische bedrijfseconomie behandeld aan de hand van het boek \u201cInleiding Agrarische Bedrijfseconomie\u201d van vd Tempel en Giesen. Onderwerpen zijn balansanalyse, financi\u00eble analyse, investeringsbegroting, financieringsbegroting en rentabiliteitsbegroting. De theoretische bagage wordt vervolgens ingebracht in een groepsopdracht \u201cOpstellen ondernemersplan\u201d. Daarbij worden ook aspecten als huisvesting, diergezondheid, milieu en marketing betrokken.<\/p>\n\n\n\n<p><u>2004\/2005<\/u><br>\nIn opdracht van het Gelders Particulier Grondbezit:<\/p>\n\n\n\n<p>\u201c<strong>Training structuuranalyse en perspectiefontwikkeling landbouw en landgoederen Veluwe<\/strong>\u201d<br>\nOnder leiding van Fred van den Tempel (Tempel-advies) en Jaap Starkenburg (directeur stichting IJssellandschap te Deventer) werden vijf bijeenkomsten gehouden met een gemengde groep van boeren en landgoedeigenaren. Het doel van de cursus was om de deelnemers een bredere visie te laten ontwikkelen op het eigen bedrijf\/landgoed.<br>\nDe cursus bestond uit vier thema\u2019s: 1) kijk naar jezelf, 2) kijk naar je omgeving, 3) kijk naar je bedrijf\/landgoed, en 4) kijk naar de toekomst.<br>\nTijdens de bijeenkomsten werd van iedere deelnemer verwacht dat hij het thema invulling gaf voor de eigen situatie. Er werden door de begeleiders en de deelnemers vooral veel vragen aan elkaar gesteld. Kritische vragen die niet allemaal meteen tot een antwoord leidden, maar wel stof gaven tot nadenken. Tijdens de bijeenkomsten waren de discussies soms heftig waarbij meningsverschillen duidelijk werden verwoord. Belangrijke punten waren daarbij het ruimtelijk beleid van de overheid, de keuze voor gesubsidieerd natuurbeheer en de strategische keuzes van de deelnemers. Door alle vragen en opmerkingen werden de deelnemers gedwongen na te denken over de eigen situatie en hun keuzes te verwoorden. In de vijfde bijeenkomst werden presentaties gehouden over de bedrijfsvisies.<\/p>\n\n\n\n<p><u>2004 \u2013 heden<\/u><br>\nTempel-advies is redacteur van twee vakbladen: \u201cMelkveebedrijf\u201d en \u201cVarkensbedrijf\u201d. Voor deze vaktijdschriften worden maandelijks artikelen geschreven over agrarische wet- en regelgeving.<\/p>\n","protected":false},"excerpt":{"rendered":"<p>Tempel-advies heeft de afgelopen jaren aan de onderstaande projecten uitvoering gegeven. 2024 &#8211; 2028Begeleiding extensivering melkveehouders In juni 2024 hebben vijf biologische melkveehouders op de Veluwe gezamenlijk ingetekend op de &#8216;extensiveringsregeling&#8217; van het ministerie\/RVO. Het doel van deze regeling is het verminderen van de stikstofexcretie per hectare tot maximaal 100 of 150 kg N per [&hellip;]<\/p>\n","protected":false},"author":1,"featured_media":0,"parent":0,"menu_order":0,"comment_status":"closed","ping_status":"closed","template":"page-templates\/fullwidth.php","meta":{"footnotes":""},"class_list":["post-13","page","type-page","status-publish","hentry"],"_links":{"self":[{"href":"https:\/\/tempeladvies.nl\/wordpress\/wp-json\/wp\/v2\/pages\/13","targetHints":{"allow":["GET"]}}],"collection":[{"href":"https:\/\/tempeladvies.nl\/wordpress\/wp-json\/wp\/v2\/pages"}],"about":[{"href":"https:\/\/tempeladvies.nl\/wordpress\/wp-json\/wp\/v2\/types\/page"}],"author":[{"embeddable":true,"href":"https:\/\/tempeladvies.nl\/wordpress\/wp-json\/wp\/v2\/users\/1"}],"replies":[{"embeddable":true,"href":"https:\/\/tempeladvies.nl\/wordpress\/wp-json\/wp\/v2\/comments?post=13"}],"version-history":[{"count":14,"href":"https:\/\/tempeladvies.nl\/wordpress\/wp-json\/wp\/v2\/pages\/13\/revisions"}],"predecessor-version":[{"id":794,"href":"https:\/\/tempeladvies.nl\/wordpress\/wp-json\/wp\/v2\/pages\/13\/revisions\/794"}],"wp:attachment":[{"href":"https:\/\/tempeladvies.nl\/wordpress\/wp-json\/wp\/v2\/media?parent=13"}],"curies":[{"name":"wp","href":"https:\/\/api.w.org\/{rel}","templated":true}]}}